{"id":865,"date":"2015-11-02T09:23:55","date_gmt":"2015-11-02T09:23:55","guid":{"rendered":"http:\/\/demo.oceanthemes.net\/archi\/?page_id=865"},"modified":"2025-07-18T09:23:39","modified_gmt":"2025-07-18T09:23:39","slug":"gallery-2-cols","status":"publish","type":"page","link":"http:\/\/www.mtmautoceramic.com\/index.php\/gallery-2-cols\/","title":{"rendered":"PPF KAPLAMA"},"content":{"rendered":"<div class=\"wpb-content-wrapper\"><p>[vc_row][vc_column][vc_separator color=&#8221;custom&#8221; border_width=&#8221;2&#8243; css=&#8221;&#8221; accent_color=&#8221;#E30909&#8243;][\/vc_column][\/vc_row][vc_row][vc_column][vc_empty_space][vc_custom_heading text=&#8221;PPF KAPLAMA&#8221; font_container=&#8221;tag:h2|text_align:center&#8221; google_fonts=&#8221;font_family:Aldrich%3Aregular|font_style:400%20regular%3A400%3Anormal&#8221; css_animation=&#8221;fadeInRight&#8221; css=&#8221;&#8221;][vc_single_image image=&#8221;1761&#8243; img_size=&#8221;1500&#215;400&#8243; alignment=&#8221;center&#8221; css_animation=&#8221;slideInUp&#8221; css=&#8221;&#8221;][vc_empty_space][vc_column_text css_animation=&#8221;fadeIn&#8221; css=&#8221;&#8221;]<\/p>\n<h3 style=\"text-align: center;\" data-pm-slice=\"1 1 []\"><strong>PPF KAPLAMA ile Ara\u00e7lar\u0131n\u0131z \u0130\u00e7in En \u00dcst D\u00fczey Koruma<\/strong><\/h3>\n<p style=\"text-align: center;\">Ara\u00e7 y\u00fczeyleri, g\u00fcnl\u00fck kullan\u0131mda bir\u00e7ok d\u0131\u015f etkene maruz kal\u0131r. G\u00fcne\u015f \u0131\u015f\u0131nlar\u0131, ta\u015f \u00e7arpmas\u0131, \u00e7izilmeler ve kimyasal maddeler arac\u0131n\u0131z\u0131n d\u0131\u015f g\u00f6r\u00fcn\u00fcm\u00fcn\u00fc zamanla bozabilir. \u0130\u015fte tam da bu noktada, <strong>PPF (Paint Protection Film) kaplama<\/strong> devreye girer! MTM ve Endura markalar\u0131n\u0131n y\u00fcksek kaliteli PPF \u00fcr\u00fcnleriyle arac\u0131n\u0131z\u0131n y\u00fczeyini uzun \u00f6m\u00fcrl\u00fc bir korumaya alabilirsiniz.<\/p>\n<p>[\/vc_column_text][vc_single_image image=&#8221;1768&#8243; img_size=&#8221;full&#8221; alignment=&#8221;center&#8221; css_animation=&#8221;slideInRight&#8221; css=&#8221;&#8221;][vc_empty_space][\/vc_column][\/vc_row][vc_row][vc_column][vc_empty_space][vc_separator color=&#8221;custom&#8221; border_width=&#8221;2&#8243; css=&#8221;&#8221; accent_color=&#8221;#E30909&#8243;][\/vc_column][\/vc_row][vc_row][vc_column width=&#8221;1\/2&#8243;][vc_column_text css=&#8221;&#8221;]<\/p>\n<h3 data-pm-slice=\"1 1 []\"><strong>Fark\u0131 Hissedin!<\/strong><\/h3>\n<p>, PPF kaplamada en yenilik\u00e7i ve dayan\u0131kl\u0131 \u00fcr\u00fcnleri sunarak sekt\u00f6rde \u00f6nc\u00fc konumda bulunmaktad\u0131r. <strong>Bumarkan\u0131n sundu\u011fu avantajlar:<\/strong><\/p>\n<p><strong>Y\u00fcksek Darbe Direnci:<\/strong> \u00c7ak\u0131l ta\u015flar\u0131, yol tuzlar\u0131 ve k\u00fc\u00e7\u00fck darbeler kar\u015f\u0131s\u0131nda g\u00fc\u00e7l\u00fc koruma sa\u011flar.<\/p>\n<p><strong>UV Korumas\u0131:<\/strong> G\u00fcne\u015f \u0131\u015f\u0131nlar\u0131n\u0131n neden oldu\u011fu renk solmalar\u0131na kar\u015f\u0131 etkili bir bariyer olu\u015fturur.<\/p>\n<p><strong>Kendi Kendini Onarma Teknolojisi:<\/strong> Hafif \u00e7izikler, \u0131s\u0131 veya g\u00fcne\u015f \u0131\u015f\u0131\u011f\u0131 alt\u0131nda kendili\u011finden d\u00fczelir.<\/p>\n<p><strong>Hidrofobik Kaplama:<\/strong> Su, \u00e7amur ve kirin y\u00fczeyde tutunmas\u0131n\u0131 zorla\u015ft\u0131r\u0131r ve arac\u0131n temizli\u011fini kolayla\u015ft\u0131r\u0131r.<\/p>\n<p><strong>Kristal Netli\u011finde G\u00f6r\u00fcn\u00fcm:<\/strong> Renk de\u011fi\u015fimi yapmadan arac\u0131n\u0131z\u0131n orijinal boyas\u0131n\u0131 korur.[\/vc_column_text][\/vc_column][vc_column width=&#8221;1\/2&#8243;][vc_single_image image=&#8221;1739&#8243; img_size=&#8221;full&#8221; alignment=&#8221;right&#8221; css=&#8221;&#8221;][\/vc_column][\/vc_row][vc_row][vc_column][vc_empty_space][vc_separator color=&#8221;custom&#8221; border_width=&#8221;2&#8243; css=&#8221;&#8221; accent_color=&#8221;#E30909&#8243;][\/vc_column][\/vc_row][vc_row][vc_column width=&#8221;1\/2&#8243;][vc_column_text css_animation=&#8221;fadeIn&#8221; css=&#8221;&#8221;]<\/p>\n<h2><strong>NEDEN\u00a0 TERC\u0130H ED\u0130YORUZ?<\/strong><\/h2>\n<p>230 mikrona varan kal\u0131nl\u0131\u011f\u0131 ve 10 y\u0131la varan dayan\u0131m\u0131yla en geli\u015fmi\u015f boya koruma filmimizdir. Defendmaster art\u0131r\u0131lm\u0131\u015f kal\u0131nl\u0131\u011f\u0131 ile daha da a\u011f\u0131r hasarlara kar\u015f\u0131 ve yeni nesil ara\u00e7 k\u0131vr\u0131mlar\u0131na uygun olarak geli\u015ftirilmi\u015ftir.<\/p>\n<p>, uygulanan arac\u0131n g\u00f6r\u00fcn\u00fcm\u00fcn\u00fc g\u00fczelle\u015ftirirken, s\u00fcrtmeler, ta\u015f vuruklar\u0131 gibi t\u00fcm \u00e7evresel etkenlere kar\u015f\u0131 g\u00fc\u00e7l\u00fc bir koruma sunar.<\/p>\n<p>Dayan\u0131m \u00f6mr\u00fc i\u00e7erisinde gerekti\u011fi takdirde sorunsuzca s\u00f6k\u00fclebilir. S\u00f6k\u00fcm esnas\u0131nda orijinal boyaya asla zarar vermez. \u00dclkemizin ikliminde dayan\u0131m s\u00fcresince, performans\u0131 ve berrakl\u0131\u011f\u0131 daima sabittir.[\/vc_column_text][\/vc_column][vc_column width=&#8221;1\/2&#8243;][vc_single_image img_size=&#8221;full&#8221; alignment=&#8221;right&#8221; css_animation=&#8221;fadeIn&#8221; css=&#8221;&#8221;][\/vc_column][\/vc_row][vc_row fullwidth=&#8221;yes&#8221; css=&#8221;.vc_custom_1442204699720{padding-top: 60px !important;padding-bottom: 60px !important;}&#8221; el_class=&#8221;call-to-action bg-color text-center&#8221;][vc_column]\t\t\t\n\t<!-- Element: OT Button --> \n\t\t\t<a href=\"http:\/\/demo.archiwp.com\/contact\/\" target=\"_self\" class=\"btn btn-line-black btn-big  \">Randevu al\u0131n<\/a>\n\t    \n[\/vc_column][\/vc_row]<\/p>\n<\/div>","protected":false},"excerpt":{"rendered":"<p>[vc_row][vc_column][vc_separator color=&#8221;custom&#8221; border_width=&#8221;2&#8243; css=&#8221;&#8221; accent_color=&#8221;#E30909&#8243;][\/vc_column][\/vc_row][vc_row][vc_column][vc_empty_space][vc_custom_heading text=&#8221;PPF KAPLAMA&#8221; font_container=&#8221;tag:h2|text_align:center&#8221; google_fonts=&#8221;font_family:Aldrich%3Aregular|font_style:400%20regular%3A400%3Anormal&#8221; css_animation=&#8221;fadeInRight&#8221; css=&#8221;&#8221;][vc_single_image image=&#8221;1761&#8243; img_size=&#8221;1500&#215;400&#8243; alignment=&#8221;center&#8221; css_animation=&#8221;slideInUp&#8221; css=&#8221;&#8221;][vc_empty_space][vc_column_text css_animation=&#8221;fadeIn&#8221; css=&#8221;&#8221;] PPF KAPLAMA ile Ara\u00e7lar\u0131n\u0131z \u0130\u00e7in En \u00dcst D\u00fczey Koruma Ara\u00e7 y\u00fczeyleri, g\u00fcnl\u00fck kullan\u0131mda bir\u00e7ok d\u0131\u015f etkene maruz kal\u0131r. G\u00fcne\u015f \u0131\u015f\u0131nlar\u0131, ta\u015f \u00e7arpmas\u0131, \u00e7izilmeler ve kimyasal maddeler arac\u0131n\u0131z\u0131n d\u0131\u015f g\u00f6r\u00fcn\u00fcm\u00fcn\u00fc zamanla bozabilir. \u0130\u015fte tam da bu noktada, PPF [&hellip;]<\/p>\n","protected":false},"author":1,"featured_media":0,"parent":0,"menu_order":0,"comment_status":"open","ping_status":"open","template":"page-templates\/template-fullwidth.php","meta":{"footnotes":""},"class_list":["post-865","page","type-page","status-publish","hentry"],"_links":{"self":[{"href":"http:\/\/www.mtmautoceramic.com\/index.php\/wp-json\/wp\/v2\/pages\/865","targetHints":{"allow":["GET"]}}],"collection":[{"href":"http:\/\/www.mtmautoceramic.com\/index.php\/wp-json\/wp\/v2\/pages"}],"about":[{"href":"http:\/\/www.mtmautoceramic.com\/index.php\/wp-json\/wp\/v2\/types\/page"}],"author":[{"embeddable":true,"href":"http:\/\/www.mtmautoceramic.com\/index.php\/wp-json\/wp\/v2\/users\/1"}],"replies":[{"embeddable":true,"href":"http:\/\/www.mtmautoceramic.com\/index.php\/wp-json\/wp\/v2\/comments?post=865"}],"version-history":[{"count":12,"href":"http:\/\/www.mtmautoceramic.com\/index.php\/wp-json\/wp\/v2\/pages\/865\/revisions"}],"predecessor-version":[{"id":1872,"href":"http:\/\/www.mtmautoceramic.com\/index.php\/wp-json\/wp\/v2\/pages\/865\/revisions\/1872"}],"wp:attachment":[{"href":"http:\/\/www.mtmautoceramic.com\/index.php\/wp-json\/wp\/v2\/media?parent=865"}],"curies":[{"name":"wp","href":"https:\/\/api.w.org\/{rel}","templated":true}]}}