{"id":862,"date":"2015-11-02T09:21:35","date_gmt":"2015-11-02T09:21:35","guid":{"rendered":"http:\/\/demo.oceanthemes.net\/archi\/?page_id=862"},"modified":"2025-02-04T19:47:35","modified_gmt":"2025-02-04T19:47:35","slug":"oto-seramik","status":"publish","type":"page","link":"http:\/\/www.mtmautoceramic.com\/index.php\/oto-seramik\/","title":{"rendered":"Oto Seramik"},"content":{"rendered":"<div class=\"wpb-content-wrapper\"><p>[vc_row css=&#8221;.vc_custom_1495184803529{padding-top: 0px !important;padding-bottom: 0px !important;background-color: #222222 !important;}&#8221;][vc_column width=&#8221;1\/2&#8243;][vc_column_text css=&#8221;&#8221;]<\/p>\n<h3><strong>Neden MTM Auto Ceramic?<\/strong><\/h3>\n<p>\u2705 <strong>Havac\u0131l\u0131k Sekt\u00f6r\u00fcne \u00d6zel Kaplama Teknolojisi<\/strong> \u2013 Hava ara\u00e7lar\u0131na uygun, y\u00fcksek dayan\u0131kl\u0131l\u0131\u011fa sahip \u00f6zel seramik kaplama \u00e7\u00f6z\u00fcmleri sunuyoruz.<\/p>\n<p>\u2705 <strong>Profesyonel ve Deneyimli Ekip<\/strong> \u2013 10 y\u0131ll\u0131k sekt\u00f6r tecr\u00fcbemizle, havac\u0131l\u0131k sekt\u00f6r\u00fcne uygun en kaliteli uygulamalar\u0131 ger\u00e7ekle\u015ftiriyoruz.<\/p>\n<p>\u2705 <strong>Y\u00fcksek Performans &amp; Kalite Garantisi<\/strong> \u2013 Uygulamalar\u0131m\u0131z, hava ara\u00e7lar\u0131n\u0131n uzun \u00f6m\u00fcrl\u00fc ve y\u00fcksek performansl\u0131 olmas\u0131n\u0131 sa\u011flar.<\/p>\n<p>\u2705 <strong>Bak\u0131m Kolayl\u0131\u011f\u0131 &amp; Maliyet Avantaj\u0131<\/strong> \u2013 Seramik kaplama, temizlik ve bak\u0131m s\u00fcrelerini azaltarak i\u015fletme maliyetlerini d\u00fc\u015f\u00fcr\u00fcr.[\/vc_column_text][\/vc_column][vc_column width=&#8221;1\/2&#8243;][vc_single_image image=&#8221;1782&#8243; img_size=&#8221;full&#8221; css=&#8221;&#8221;][\/vc_column][\/vc_row][vc_row css=&#8221;.vc_custom_1495184803529{padding-top: 0px !important;padding-bottom: 0px !important;background-color: #222222 !important;}&#8221;][vc_column width=&#8221;1\/2&#8243;][vc_column_text css_animation=&#8221;fadeIn&#8221; css=&#8221;&#8221;]<strong>Profesyonel Oto Seramik ve Pasta Cila Hizmeti<\/strong><br \/>\nArac\u0131n\u0131z\u0131n boya koruma ve parlakl\u0131k ihtiya\u00e7lar\u0131na en \u00fcst seviyede \u00e7\u00f6z\u00fcmler sunan <strong>MTM Auto Ceramic<\/strong>, profesyonel oto seramik kaplama ve pasta cila hizmetleriyle arac\u0131n\u0131z\u0131 ilk g\u00fcnk\u00fc gibi korur ve parlat\u0131r. Uzman ekibimiz ve y\u00fcksek kaliteli \u00fcr\u00fcnlerimizle, otomobilinizin de\u011ferini uzun y\u0131llar koruman\u0131za yard\u0131mc\u0131 oluyoruz.[\/vc_column_text][\/vc_column][vc_column width=&#8221;1\/2&#8243;][vc_single_image image=&#8221;1784&#8243; img_size=&#8221;full&#8221; css=&#8221;&#8221;][\/vc_column][\/vc_row][vc_row fullwidth=&#8221;yes&#8221; css=&#8221;.vc_custom_1442204699720{padding-top: 60px !important;padding-bottom: 60px !important;}&#8221; el_class=&#8221;call-to-action bg-color text-center&#8221;][vc_column]\t\t\t\n\t<!-- Element: OT Button --> \n\t    \n[\/vc_column][\/vc_row]<\/p>\n<\/div>","protected":false},"excerpt":{"rendered":"<p>[vc_row css=&#8221;.vc_custom_1495184803529{padding-top: 0px !important;padding-bottom: 0px !important;background-color: #222222 !important;}&#8221;][vc_column width=&#8221;1\/2&#8243;][vc_column_text css=&#8221;&#8221;] Neden MTM Auto Ceramic? \u2705 Havac\u0131l\u0131k Sekt\u00f6r\u00fcne \u00d6zel Kaplama Teknolojisi \u2013 Hava ara\u00e7lar\u0131na uygun, y\u00fcksek dayan\u0131kl\u0131l\u0131\u011fa sahip \u00f6zel seramik kaplama \u00e7\u00f6z\u00fcmleri sunuyoruz. \u2705 Profesyonel ve Deneyimli Ekip \u2013 10 y\u0131ll\u0131k sekt\u00f6r tecr\u00fcbemizle, havac\u0131l\u0131k sekt\u00f6r\u00fcne uygun en kaliteli uygulamalar\u0131 ger\u00e7ekle\u015ftiriyoruz. \u2705 Y\u00fcksek Performans &amp; Kalite Garantisi [&hellip;]<\/p>\n","protected":false},"author":1,"featured_media":0,"parent":0,"menu_order":0,"comment_status":"open","ping_status":"open","template":"page-templates\/template-fullwidth.php","meta":{"footnotes":""},"class_list":["post-862","page","type-page","status-publish","hentry"],"_links":{"self":[{"href":"http:\/\/www.mtmautoceramic.com\/index.php\/wp-json\/wp\/v2\/pages\/862","targetHints":{"allow":["GET"]}}],"collection":[{"href":"http:\/\/www.mtmautoceramic.com\/index.php\/wp-json\/wp\/v2\/pages"}],"about":[{"href":"http:\/\/www.mtmautoceramic.com\/index.php\/wp-json\/wp\/v2\/types\/page"}],"author":[{"embeddable":true,"href":"http:\/\/www.mtmautoceramic.com\/index.php\/wp-json\/wp\/v2\/users\/1"}],"replies":[{"embeddable":true,"href":"http:\/\/www.mtmautoceramic.com\/index.php\/wp-json\/wp\/v2\/comments?post=862"}],"version-history":[{"count":3,"href":"http:\/\/www.mtmautoceramic.com\/index.php\/wp-json\/wp\/v2\/pages\/862\/revisions"}],"predecessor-version":[{"id":1785,"href":"http:\/\/www.mtmautoceramic.com\/index.php\/wp-json\/wp\/v2\/pages\/862\/revisions\/1785"}],"wp:attachment":[{"href":"http:\/\/www.mtmautoceramic.com\/index.php\/wp-json\/wp\/v2\/media?parent=862"}],"curies":[{"name":"wp","href":"https:\/\/api.w.org\/{rel}","templated":true}]}}