{"id":229,"date":"2015-07-27T03:29:01","date_gmt":"2015-07-27T03:29:01","guid":{"rendered":"http:\/\/demo.oceanthemes.net\/archi\/?page_id=229"},"modified":"2025-02-04T19:46:31","modified_gmt":"2025-02-04T19:46:31","slug":"biz-kimiz","status":"publish","type":"page","link":"http:\/\/www.mtmautoceramic.com\/index.php\/biz-kimiz\/","title":{"rendered":"Biz Kimiz?"},"content":{"rendered":"<div class=\"wpb-content-wrapper\"><p>[vc_row fullwidth=&#8221;yes&#8221; css=&#8221;.vc_custom_1474447060420{background-position: 0 0 !important;background-repeat: no-repeat !important;}&#8221; el_class=&#8221;side-bg no-padding&#8221;][vc_column][vc_empty_space][vc_empty_space][vc_single_image image=&#8221;1851&#8243; img_size=&#8221;full&#8221; alignment=&#8221;center&#8221; css_animation=&#8221;slideInLeft&#8221; css=&#8221;&#8221;]\t<!-- Element: OT Quick Office -->\n\t<div class=\"side-bg\">\n\n\t\t<div class=\"image-container hidden-xs pull-left col-md-5\" style=\"background-image:url(http:\/\/www.mtmautoceramic.com\/wp-content\/uploads\/2025\/01\/automobileparts24_01429_A_close-up_shot_of_a_person_wearing_a_w_bee6d700-f1a6-4ff2-9cd5-4846417d6140.jpg); ?>\" data-delay=\"0\"><\/div>\n\n\t\t<!-- Added this code in 26\/03\/2019 -->\n\t\t<img decoding=\"async\" class=\"visible-xs img-responsive\" src=\"http:\/\/www.mtmautoceramic.com\/wp-content\/uploads\/2025\/01\/automobileparts24_01429_A_close-up_shot_of_a_person_wearing_a_w_bee6d700-f1a6-4ff2-9cd5-4846417d6140.jpg\" \/>\n\n        <div class=\"container\">\n            <div class=\"row\">\n                <div class=\"inner-padding\">\n                    <div class=\"col-md-6 col-md-offset-6 wow fadeInRight\" data-wow-delay=\".2s\">\n                        <h2>MTM AUTO CERAMIC<\/h2><br\/>\n                        <strong>Hakk\u0131m\u0131zda:<\/strong><br \/>\nMTM Auto Ceramic olarak, 10 y\u0131ll\u0131k sekt\u00f6r tecr\u00fcbemizle otomobilinizin estetik ve koruma ihtiya\u00e7lar\u0131na profesyonel \u00e7\u00f6z\u00fcmler sunuyoruz. Oto seramik kaplama, pasta cila ve detayl\u0131 ara\u00e7 bak\u0131m\u0131 konular\u0131nda uzman ekibimizle en kaliteli hizmeti vermek i\u00e7in \u00e7al\u0131\u015f\u0131yoruz. M\u00fc\u015fteri memnuniyetini \u00f6n planda tutarak, ara\u00e7lar\u0131n\u0131za uzun \u00f6m\u00fcrl\u00fc ve y\u00fcksek koruma sa\u011flayan uygulamalar ger\u00e7ekle\u015ftiriyoruz.<\/p>\n<p><strong>Vizyonumuz:<\/strong><br \/>\nOtomotiv bak\u0131m ve koruma sekt\u00f6r\u00fcnde yenilik\u00e7i \u00e7\u00f6z\u00fcmlerle lider konuma gelmek, en son teknolojiyle donat\u0131lm\u0131\u015f uygulamalar\u0131m\u0131zla m\u00fc\u015fterilerimize en iyi hizmeti sunmak ve T\u00fcrkiye\u2019nin en g\u00fcvenilir oto seramik kaplama markalar\u0131ndan biri olmakt\u0131r.<\/p>\n<p><strong>Misyonumuz:<\/strong><br \/>\nM\u00fc\u015fterilerimize en kaliteli \u00fcr\u00fcn ve hizmetleri sunarak, ara\u00e7lar\u0131n\u0131n de\u011ferini korumalar\u0131na yard\u0131mc\u0131 olmak, profesyonel ekibimizle g\u00fcvenilir, d\u00fcr\u00fcst ve m\u00fc\u015fteri odakl\u0131 bir hizmet anlay\u0131\u015f\u0131 benimsemek, sekt\u00f6rdeki en yeni teknikleri kullanarak her zaman en iyi sonu\u00e7lar\u0131 elde etmektir.                    <\/div>\n                    <div class=\"clearfix\"><\/div>\n                <\/div>\n            <\/div>\n        <\/div>\n\t<\/div>\n\n[vc_empty_space][vc_empty_space][\/vc_column][\/vc_row][vc_row css=&#8221;.vc_custom_1495706002495{padding-top: 90px !important;padding-bottom: 90px !important;background-image: url(http:\/\/www.mtmautoceramic.com\/wp-content\/uploads\/2015\/07\/bg-3.jpg?id=185) !important;background-position: center !important;background-repeat: no-repeat !important;background-size: cover !important;}&#8221; el_class=&#8221;bg-fixed&#8221;][vc_column animate=&#8221;fadeinup&#8221;]\n\t<!-- Element: OT Heading --> \t \n\t<h1 class=\"ot_custom_heading  \" style=\"text-align: center;color: #ffffff;\" >\u0130\u015fimizi Seviyoruz...<\/h1>\t\n\t<!-- Element: OT Line solid --> \t \n\t<div class=\" separator \"><span><i class=\"fa fa-circle\"><\/i><\/span><\/div>\n\t<div class=\"spacer-single\"><\/div>\t      \n[vc_empty_space][\/vc_column][vc_column]\t<!-- Element: OT Testimonial Silder -->\t\n\t<div class=\"testimonial__carousel de_carousel wow fadeInUp\" data-wow-delay=\".3s\" data-visible=\"2\" data-autoplay=\"false\" data-autoheight=\"false\" data-speed=\"200\" data-navspeed=\"800\" data-rewinspeed=\"1000\">\n\t        <div class=\"col-md-12 item\">\n            <div class=\"de_testi\">\n                <blockquote>\n                    <ul>\n<li><em>Arac\u0131m\u0131 seramik kaplama i\u00e7in getirdim, sonu\u00e7 harika! Boyadaki parlakl\u0131k ve koruma inan\u0131lmaz. MTM Auto Ceramic ekibine te\u015fekk\u00fcr ederim!&#8221;<\/em><\/li>\n<li>&nbsp;<\/li>\n<\/ul>\n                    <div class=\"de_testi_by no-margin\">\n\n                    \t\n\t\t\t\t\t\t<div >\n                        \tBora.Y, Customer                        <\/div>\n\n                    <\/div>\n                <\/blockquote>\n            <\/div>\n        <\/div>\n                <div class=\"col-md-12 item\">\n            <div class=\"de_testi\">\n                <blockquote>\n                    <p>&#8220;Arac\u0131m\u0131 MTM Auto Ceramic\u2019e getirdim ve sonu\u00e7 ger\u00e7ekten m\u00fckemmel! Seramik kaplama sayesinde arabam art\u0131k hem daha parlak hem de d\u0131\u015f etkenlere kar\u015f\u0131 \u00e7ok daha dayan\u0131kl\u0131. Kesinlikle tavsiye ederim!&#8221;<\/p>\n                    <div class=\"de_testi_by no-margin\">\n\n                    \t\n\t\t\t\t\t\t<div >\n                        \tNergis.T, Customer                        <\/div>\n\n                    <\/div>\n                <\/blockquote>\n            <\/div>\n        <\/div>\n                <div class=\"col-md-12 item\">\n            <div class=\"de_testi\">\n                <blockquote>\n                    <p>&#8220;Profesyonellik, kalite ve m\u00fc\u015fteri memnuniyeti bir arada! Arac\u0131m\u0131 adeta yenilediler. G\u00f6n\u00fcl rahatl\u0131\u011f\u0131yla tavsiye ederim.&#8221;<\/p>\n                    <div class=\"de_testi_by no-margin\">\n\n                    \t\n\t\t\t\t\t\t<div >\n                        \tAhmet.T, Customer                        <\/div>\n\n                    <\/div>\n                <\/blockquote>\n            <\/div>\n        <\/div>\n                <div class=\"col-md-12 item\">\n            <div class=\"de_testi\">\n                <blockquote>\n                    <p>Seramik kaplama yapt\u0131rd\u0131m ve sonu\u00e7 beklentimin \u00e7ok \u00fcst\u00fcnde! Arac\u0131m\u0131n boyas\u0131 uzun s\u00fcre koruma alt\u0131nda olacak, eme\u011fi ge\u00e7en herkese te\u015fekk\u00fcr ederim.&#8221;<\/p>\n                    <div class=\"de_testi_by no-margin\">\n\n                    \t\n\t\t\t\t\t\t<div >\n                        \tBurak.E, Customer                        <\/div>\n\n                    <\/div>\n                <\/blockquote>\n            <\/div>\n        <\/div>\n            <\/div>\n\n[\/vc_column][\/vc_row][vc_row fullwidth=&#8221;yes&#8221; css=&#8221;.vc_custom_1442204650520{padding-top: 60px !important;padding-bottom: 60px !important;}&#8221; el_class=&#8221;call-to-action bg-color text-center&#8221;][vc_column]\t\t\t\n\t<!-- Element: OT Button --> \n\t\t\t<a href=\"http:\/\/demo.archiwp.com\/contact\/\" target=\"_self\" class=\"btn btn-line-black btn-big  \">Bize Ula\u015f\u0131n<\/a>\n\t    \n[vc_empty_space][\/vc_column][\/vc_row]<\/p>\n<\/div>","protected":false},"excerpt":{"rendered":"<p>[vc_row fullwidth=&#8221;yes&#8221; css=&#8221;.vc_custom_1474447060420{background-position: 0 0 !important;background-repeat: no-repeat !important;}&#8221; el_class=&#8221;side-bg no-padding&#8221;][vc_column][vc_empty_space][vc_empty_space][vc_single_image image=&#8221;1851&#8243; img_size=&#8221;full&#8221; alignment=&#8221;center&#8221; css_animation=&#8221;slideInLeft&#8221; css=&#8221;&#8221;][vc_empty_space][vc_empty_space][\/vc_column][\/vc_row][vc_row css=&#8221;.vc_custom_1495706002495{padding-top: 90px !important;padding-bottom: 90px !important;background-image: url(http:\/\/www.mtmautoceramic.com\/wp-content\/uploads\/2015\/07\/bg-3.jpg?id=185) !important;background-position: center !important;background-repeat: no-repeat !important;background-size: cover !important;}&#8221; el_class=&#8221;bg-fixed&#8221;][vc_column animate=&#8221;fadeinup&#8221;][vc_empty_space][\/vc_column][vc_column][\/vc_column][\/vc_row][vc_row fullwidth=&#8221;yes&#8221; css=&#8221;.vc_custom_1442204650520{padding-top: 60px !important;padding-bottom: 60px !important;}&#8221; el_class=&#8221;call-to-action bg-color text-center&#8221;][vc_column][vc_empty_space][\/vc_column][\/vc_row]<\/p>\n","protected":false},"author":1,"featured_media":0,"parent":0,"menu_order":0,"comment_status":"open","ping_status":"open","template":"page-templates\/template-fullwidth.php","meta":{"footnotes":""},"class_list":["post-229","page","type-page","status-publish","hentry"],"_links":{"self":[{"href":"http:\/\/www.mtmautoceramic.com\/index.php\/wp-json\/wp\/v2\/pages\/229","targetHints":{"allow":["GET"]}}],"collection":[{"href":"http:\/\/www.mtmautoceramic.com\/index.php\/wp-json\/wp\/v2\/pages"}],"about":[{"href":"http:\/\/www.mtmautoceramic.com\/index.php\/wp-json\/wp\/v2\/types\/page"}],"author":[{"embeddable":true,"href":"http:\/\/www.mtmautoceramic.com\/index.php\/wp-json\/wp\/v2\/users\/1"}],"replies":[{"embeddable":true,"href":"http:\/\/www.mtmautoceramic.com\/index.php\/wp-json\/wp\/v2\/comments?post=229"}],"version-history":[{"count":12,"href":"http:\/\/www.mtmautoceramic.com\/index.php\/wp-json\/wp\/v2\/pages\/229\/revisions"}],"predecessor-version":[{"id":1854,"href":"http:\/\/www.mtmautoceramic.com\/index.php\/wp-json\/wp\/v2\/pages\/229\/revisions\/1854"}],"wp:attachment":[{"href":"http:\/\/www.mtmautoceramic.com\/index.php\/wp-json\/wp\/v2\/media?parent=229"}],"curies":[{"name":"wp","href":"https:\/\/api.w.org\/{rel}","templated":true}]}}